{"id":1772,"date":"2022-08-09T14:33:48","date_gmt":"2022-08-09T14:33:48","guid":{"rendered":"https:\/\/michelefasulo.com\/?page_id=1772"},"modified":"2023-02-08T11:23:59","modified_gmt":"2023-02-08T11:23:59","slug":"reviews","status":"publish","type":"page","link":"https:\/\/michelefasulo.com\/es\/reviews\/","title":{"rendered":"Clientes satisfechos"},"content":{"rendered":"<div data-elementor-type=\"wp-page\" data-elementor-id=\"1772\" class=\"elementor elementor-1772\">\n\t\t\t\t\t\t<section class=\"elementor-section elementor-top-section elementor-element elementor-element-6504282 elementor-section-full_width elementor-section-height-min-height elementor-section-items-bottom elementor-section-height-default qodef-elementor-content-no\" data-id=\"6504282\" data-element_type=\"section\" data-e-type=\"section\" data-settings=\"{&quot;background_background&quot;:&quot;classic&quot;}\">\n\t\t\t\t\t\t\t<div class=\"elementor-background-overlay\"><\/div>\n\t\t\t\t\t\t\t<div class=\"elementor-container elementor-column-gap-default\">\n\t\t\t\t\t<div class=\"elementor-column elementor-col-100 elementor-top-column elementor-element elementor-element-cdb16ef\" data-id=\"cdb16ef\" data-element_type=\"column\" data-e-type=\"column\">\n\t\t\t<div class=\"elementor-widget-wrap\">\n\t\t\t\t\t\t\t<\/div>\n\t\t<\/div>\n\t\t\t\t\t<\/div>\n\t\t<\/section>\n\t\t\t\t<section class=\"elementor-section elementor-top-section elementor-element elementor-element-a72e06b elementor-section-height-min-height elementor-section-boxed elementor-section-height-default elementor-section-items-middle qodef-elementor-content-no\" data-id=\"a72e06b\" data-element_type=\"section\" data-e-type=\"section\">\n\t\t\t\t\t\t<div class=\"elementor-container elementor-column-gap-default\">\n\t\t\t\t\t<div class=\"elementor-column elementor-col-100 elementor-top-column elementor-element elementor-element-0b94490\" data-id=\"0b94490\" data-element_type=\"column\" data-e-type=\"column\">\n\t\t\t<div class=\"elementor-widget-wrap elementor-element-populated\">\n\t\t\t\t\t\t<section class=\"elementor-section elementor-inner-section elementor-element elementor-element-5a4ff9e elementor-section-boxed elementor-section-height-default elementor-section-height-default qodef-elementor-content-no\" data-id=\"5a4ff9e\" data-element_type=\"section\" data-e-type=\"section\">\n\t\t\t\t\t\t<div class=\"elementor-container elementor-column-gap-default\">\n\t\t\t\t\t<div class=\"elementor-column elementor-col-100 elementor-inner-column elementor-element elementor-element-4803563\" data-id=\"4803563\" data-element_type=\"column\" data-e-type=\"column\">\n\t\t\t<div class=\"elementor-widget-wrap elementor-element-populated\">\n\t\t\t\t\t\t<div class=\"elementor-element elementor-element-536f588 elementor-widget elementor-widget-qi_addons_for_elementor_section_title\" data-id=\"536f588\" data-element_type=\"widget\" data-e-type=\"widget\" data-widget_type=\"qi_addons_for_elementor_section_title.default\">\n\t\t\t\t<div class=\"elementor-widget-container\">\n\t\t\t\t\t<div class=\"qodef-shortcode qodef-m qodef-qi-section-title qodef-decoration--italic qodef-link--underline-draw qodef-subtitle-icon--left\">\n\t\t\t\t<h5 class=\"qodef-m-subtitle\">\n\t\tClientes satisfechos\t\t\t<\/h5>\n\t\t\t<h1 class=\"qodef-m-title\">\n\t\tWhat my clients' reviews say about me\t<\/h1>\n\t\t\t<\/div>\n\t\t\t\t<\/div>\n\t\t\t\t<\/div>\n\t\t\t\t\t<\/div>\n\t\t<\/div>\n\t\t\t\t\t<\/div>\n\t\t<\/section>\n\t\t\t\t<div class=\"elementor-element elementor-element-5d3e1c8 elementor-widget elementor-widget-qi_addons_for_elementor_pricing_list\" data-id=\"5d3e1c8\" data-element_type=\"widget\" data-e-type=\"widget\" data-widget_type=\"qi_addons_for_elementor_pricing_list.default\">\n\t\t\t\t<div class=\"elementor-widget-container\">\n\t\t\t\t\t<div class=\"qodef-shortcode qodef-m qodef-qi-pricing-list qodef-pricing-line--solid qodef-layout--image-before\">\n\t<div class=\"qodef-m-inner\">\n\t\t<div class=\"qodef-m-item qodef-e elementor-repeater-item-73858e3\">\n\t\t\t<div class=\"qodef-e-image\">\n\t\t\t<img decoding=\"async\" width=\"119\" height=\"119\" src=\"https:\/\/i0.wp.com\/michelefasulo.com\/wp-content\/uploads\/2022\/07\/4-1.png?fit=119%2C119&amp;ssl=1\" class=\"attachment-full size-full\" alt=\"\" \/>\t\t<\/div>\n\t\t<div class=\"qodef-e-item-holder\">\n\t\t\t\t\t<div class=\"qodef-e-heading\">\n\t\t\t\t<h6 class=\"qodef-e-heading-title\">Giulia<\/h6>\n\t\t\t\t<div class=\"qodef-e-heading-line\" ><\/div>\n\t\t\t\t\t\t\t\t\t\t\t<\/div>\n\t\t\t\t\t\t\t<p class=\"qodef-e-description\">Fui a Michele por curiosidad, sin ninguna expectativa,\ntengo que decir que no estaba segura de c\u00f3mo me iba a sentir... En todo momento me sent\u00ed muy c\u00f3moda y me gust\u00f3 poder experimentar una interacci\u00f3n nueva para m\u00ed y muy diferente a lo que consumimos a diario en esta sociedad.\nNo soy una fan\u00e1tica del sector (m\u00e1s bien de la ciencia), ha sido una experiencia enriquecedora y creo que es una ventana que merece la pena abrir para poder disfrutar desde otro punto de vista de una conexi\u00f3n contigo mismo y con los dem\u00e1s.\n\nMe encant\u00f3 el trato de Michele, muy profesional y atenta en todo momento.\n<\/p>\n\t\t\t<\/div>\n<\/div>\n<div class=\"qodef-m-item qodef-e elementor-repeater-item-1b4b8e9\">\n\t\t\t<div class=\"qodef-e-image\">\n\t\t\t<img decoding=\"async\" width=\"119\" height=\"119\" src=\"https:\/\/i0.wp.com\/michelefasulo.com\/wp-content\/uploads\/2022\/07\/3-1.png?fit=119%2C119&amp;ssl=1\" class=\"attachment-full size-full\" alt=\"\" \/>\t\t<\/div>\n\t\t<div class=\"qodef-e-item-holder\">\n\t\t\t\t\t<div class=\"qodef-e-heading\">\n\t\t\t\t<h6 class=\"qodef-e-heading-title\">Sandra<\/h6>\n\t\t\t\t<div class=\"qodef-e-heading-line\" ><\/div>\n\t\t\t\t\t\t\t\t\t\t\t<\/div>\n\t\t\t\t\t\t\t<p class=\"qodef-e-description\">\nDesde la llegada hasta la salida, Michele me transmiti\u00f3 a trav\u00e9s de sus palabras, sus ojos y sus manos una sensaci\u00f3n de ternura y paz. M\u00e1s que eso, sent\u00ed -quiz\u00e1s por primera vez en mi vida- que s\u00f3lo quer\u00eda darme todo este buen sentimiento sin pedir nada a cambio. Para m\u00ed fue un sentimiento nuevo que guardar\u00e9 dentro de m\u00ed el resto de mi vida. Lo sent\u00ed en cada momento: la preparaci\u00f3n, el masaje y la charla posterior. Simplemente reabri\u00f3 sentimientos que ten\u00eda replegados y escondidos en el fondo de mi armario.\n<\/p>\n\t\t\t<\/div>\n<\/div>\n<div class=\"qodef-m-item qodef-e elementor-repeater-item-fa555ce\">\n\t\t\t<div class=\"qodef-e-image\">\n\t\t\t<img decoding=\"async\" width=\"119\" height=\"119\" src=\"https:\/\/i0.wp.com\/michelefasulo.com\/wp-content\/uploads\/2022\/07\/Progetto-senza-titolo.png?fit=119%2C119&amp;ssl=1\" class=\"attachment-full size-full\" alt=\"\" \/>\t\t<\/div>\n\t\t<div class=\"qodef-e-item-holder\">\n\t\t\t\t\t<div class=\"qodef-e-heading\">\n\t\t\t\t<h6 class=\"qodef-e-heading-title\">Eugenia<\/h6>\n\t\t\t\t<div class=\"qodef-e-heading-line\" ><\/div>\n\t\t\t\t\t\t\t\t\t\t\t<\/div>\n\t\t\t\t\t\t\t<p class=\"qodef-e-description\">La verdad es que fue una experiencia super agradable, desde el primer momento me sent\u00ed en confianza y muy relajada. Desde el primer contacto sent\u00ed que se preocupaba por prepararme para la sesi\u00f3n, envi\u00e1ndome informaci\u00f3n sobre el tantra en general, as\u00ed como de la propia sesi\u00f3n.  \n\nMe trat\u00f3 en todo momento con mucho respeto, acompa\u00f1\u00e1ndome, estando muy atento a escuchar, y entreg\u00e1ndose profundamente al momento. \n\nTanto a nivel \"t\u00e9cnico\" en el masaje como su presencia y su energ\u00eda me permitieron simplemente fluir en el momento, disfrutando de cada caricia, de cada gesto, algo poco caracter\u00edstico en m\u00ed que suelo volarme la cabeza muy r\u00e1pido.  \nMe pareci\u00f3 que nos conoc\u00edamos de toda la vida.... \n\nFue el encuentro m\u00e1s bonito conmigo y a la vez con otra persona que he tenido en mi vida\".   \n\n\u00a1Un gran abrazo, y gracias por este hermoso trabajo!\n<\/p>\n\t\t\t<\/div>\n<\/div>\n<div class=\"qodef-m-item qodef-e elementor-repeater-item-2527a87\">\n\t\t\t<div class=\"qodef-e-image\">\n\t\t\t<img loading=\"lazy\" decoding=\"async\" width=\"119\" height=\"119\" src=\"https:\/\/i0.wp.com\/michelefasulo.com\/wp-content\/uploads\/2022\/07\/2-1.png?fit=119%2C119&amp;ssl=1\" class=\"attachment-full size-full\" alt=\"\" \/>\t\t<\/div>\n\t\t<div class=\"qodef-e-item-holder\">\n\t\t\t\t\t<div class=\"qodef-e-heading\">\n\t\t\t\t<h6 class=\"qodef-e-heading-title\">Francesca<\/h6>\n\t\t\t\t<div class=\"qodef-e-heading-line\" ><\/div>\n\t\t\t\t\t\t\t\t\t\t\t<\/div>\n\t\t\t\t\t\t\t<p class=\"qodef-e-description\">Me sent\u00ed como una diosa. \n\n\nEsto es lo primero que puedo pensar despu\u00e9s de esta experiencia de masaje t\u00e1ntrico con Michele. \n\nMe sent\u00ed adorada como una antigua deidad. \n\nMichele me dio la bienvenida en la entrada y me sent\u00ed repentinamente conectada energ\u00e9ticamente. Me sent\u00ed limpia y pura mientras \u00e9l estaba presente y calmado. Despu\u00e9s de esparcir incienso de palo santo a nuestro alrededor, me acompa\u00f1\u00f3 hacia la entrada del templo. \nEsto me hizo sentir \"aqu\u00ed y ahora\", lista para recibir y comenzar el viaje. El mundo estaba fuera. \n\nCreo que la importancia de ser recibido por una presencia segura en un lugar energ\u00e9ticamente cargado y seguro es enorme para esta experiencia. \n\nFue como si me enfrentaran a mis sentimientos m\u00e1s profundos, que se reflejaban en \u00e9l y me los devolv\u00edan sin piedad. \nUna vez que todo termin\u00f3 me sent\u00ed flotando recargada, limpia, renacida, amada. \n\nNo hace falta decir lo mucho que le alabo y recomiendo \ud83d\ude42 a \u00e9l y a su consulta. \n\nGrazie mille \n<\/p>\n\t\t\t<\/div>\n<\/div>\n<div class=\"qodef-m-item qodef-e elementor-repeater-item-8250c3e\">\n\t\t\t<div class=\"qodef-e-image\">\n\t\t\t<img loading=\"lazy\" decoding=\"async\" width=\"119\" height=\"119\" src=\"https:\/\/i0.wp.com\/michelefasulo.com\/wp-content\/uploads\/2021\/05\/teastimonials-icon.png?fit=119%2C119&amp;ssl=1\" class=\"attachment-full size-full\" alt=\"v\" \/>\t\t<\/div>\n\t\t<div class=\"qodef-e-item-holder\">\n\t\t\t\t\t<div class=\"qodef-e-heading\">\n\t\t\t\t<h6 class=\"qodef-e-heading-title\">Sandrine<\/h6>\n\t\t\t\t<div class=\"qodef-e-heading-line\" ><\/div>\n\t\t\t\t\t\t\t\t\t\t\t<\/div>\n\t\t\t\t\t\t\t<p class=\"qodef-e-description\">\"En primer lugar, muchas gracias... \nFue una experiencia maravillosa. \n\nTienes una gran sensibilidad y fue extremadamente placentero.... Lograste hacerme viajar de manera c\u00f3smica.\n\nMe tocaste con cari\u00f1o, afecto, respeto y mucha dulzura.... Me permiti\u00f3 relajarme y entregarme por completo.\n\nRecomiendo esta experiencia a todo el mundo. Es placentera pero tambi\u00e9n abre el coraz\u00f3n, la mente y las v\u00edas espirituales....\n\nGracias Michele\".\n<\/p>\n\t\t\t<\/div>\n<\/div>\n\t<\/div>\n\t\t\t<div class=\"qodef-m-button qodef-qi-clear\">\n\t\t<a class=\"qodef-shortcode qodef-m qodef-qi-button qodef-html--link qodef-layout--filled qodef-type--standard qodef-size--full qodef-icon--right qodef-hover--icon-move-horizontal-short\" href=\"https:\/\/michelefasulo.com\/es\/?page_id=1728\" target=\"_self\">\t<span class=\"qodef-m-text\">Reserve su masaje<\/span>\t<\/a>\t<\/div>\n<\/div>\n\t\t\t\t<\/div>\n\t\t\t\t<\/div>\n\t\t\t\t\t<\/div>\n\t\t<\/div>\n\t\t\t\t\t<\/div>\n\t\t<\/section>\n\t\t\t\t<section class=\"elementor-section elementor-top-section elementor-element elementor-element-4f956e8 elementor-section-full_width elementor-section-height-min-height elementor-section-height-default elementor-section-items-middle qodef-elementor-content-no\" data-id=\"4f956e8\" data-element_type=\"section\" data-e-type=\"section\" data-settings=\"{&quot;background_background&quot;:&quot;classic&quot;}\">\n\t\t\t\t\t\t\t<div class=\"elementor-background-overlay\"><\/div>\n\t\t\t\t\t\t\t<div class=\"elementor-container elementor-column-gap-default\">\n\t\t\t\t\t<div class=\"elementor-column elementor-col-100 elementor-top-column elementor-element elementor-element-e2ae001\" data-id=\"e2ae001\" data-element_type=\"column\" data-e-type=\"column\">\n\t\t\t<div class=\"elementor-widget-wrap elementor-element-populated\">\n\t\t\t\t\t\t<section class=\"elementor-section elementor-inner-section elementor-element elementor-element-cada96c elementor-section-boxed elementor-section-height-default elementor-section-height-default qodef-elementor-content-no\" data-id=\"cada96c\" data-element_type=\"section\" data-e-type=\"section\">\n\t\t\t\t\t\t<div class=\"elementor-container elementor-column-gap-default\">\n\t\t\t\t\t<div class=\"elementor-column elementor-col-100 elementor-inner-column elementor-element elementor-element-c4077dd\" data-id=\"c4077dd\" data-element_type=\"column\" data-e-type=\"column\">\n\t\t\t<div class=\"elementor-widget-wrap elementor-element-populated\">\n\t\t\t\t\t\t<div class=\"elementor-element elementor-element-17d6c03 elementor-widget elementor-widget-qi_addons_for_elementor_section_title\" data-id=\"17d6c03\" data-element_type=\"widget\" data-e-type=\"widget\" data-widget_type=\"qi_addons_for_elementor_section_title.default\">\n\t\t\t\t<div class=\"elementor-widget-container\">\n\t\t\t\t\t<div class=\"qodef-shortcode qodef-m qodef-qi-section-title qodef-decoration--italic qodef-link--underline-draw qodef-subtitle-icon--left\">\n\t\t\t\t<h5 class=\"qodef-m-subtitle\">\n\t\tCONOZCAMOS\t\t\t<\/h5>\n\t\t\t<h2 class=\"qodef-m-title\">\n\t\t\u00bfA\u00fan no est\u00e1s segura de estar en el lugar correcto?\t<\/h2>\n\t\t\t<div class=\"qodef-m-text\"><p>\u00bfTodav\u00eda no est\u00e1s segura de cu\u00e1l es el mejor masaje para ti? \u00bfTienes alguna pregunta sobre el Tantra? \u00bfQuieres conocerme mejor? \u00a1Reserva tu consulta gratuita conmigo! Estoy deseando conocerte.<\/p><\/div>\n\t<\/div>\n\t\t\t\t<\/div>\n\t\t\t\t<\/div>\n\t\t\t\t<div class=\"elementor-element elementor-element-9135de8 elementor-widget elementor-widget-qi_addons_for_elementor_contact_form_7\" data-id=\"9135de8\" data-element_type=\"widget\" data-e-type=\"widget\" data-widget_type=\"qi_addons_for_elementor_contact_form_7.default\">\n\t\t\t\t<div class=\"elementor-widget-container\">\n\t\t\t\t\t<div class=\"qodef-shortcode qodef-m qodef-qi-contact-form-7\">\n\t\n<div class=\"wpcf7 no-js\" id=\"wpcf7-f7-o1\" lang=\"en-US\" dir=\"ltr\" data-wpcf7-id=\"7\">\n<div class=\"screen-reader-response\"><p role=\"status\" aria-live=\"polite\" aria-atomic=\"true\"><\/p> <ul><\/ul><\/div>\n<form action=\"\/es\/wp-json\/wp\/v2\/pages\/1772#wpcf7-f7-o1\" method=\"post\" class=\"wpcf7-form init\" aria-label=\"Contact form\" novalidate=\"novalidate\" data-status=\"init\" data-trp-original-action=\"\/es\/wp-json\/wp\/v2\/pages\/1772#wpcf7-f7-o1\">\n<fieldset class=\"hidden-fields-container\"><input type=\"hidden\" name=\"_wpcf7\" value=\"7\" \/><input type=\"hidden\" name=\"_wpcf7_version\" value=\"6.1.5\" \/><input type=\"hidden\" name=\"_wpcf7_locale\" value=\"en_US\" \/><input type=\"hidden\" name=\"_wpcf7_unit_tag\" value=\"wpcf7-f7-o1\" \/><input type=\"hidden\" name=\"_wpcf7_container_post\" value=\"0\" \/><input type=\"hidden\" name=\"_wpcf7_posted_data_hash\" value=\"\" \/>\n<\/fieldset>\n<div class=\"qodef-grid-item\">\n<input class=\"wpcf7-form-control wpcf7-submit has-spinner\" type=\"submit\" value=\"Chat en Whatsapp\" \/><p style=\"display: none !important;\" class=\"akismet-fields-container\" data-prefix=\"_wpcf7_ak_\"><label>&#916;<textarea name=\"_wpcf7_ak_hp_textarea\" cols=\"45\" rows=\"8\" maxlength=\"100\"><\/textarea><\/label><input type=\"hidden\" id=\"ak_js_1\" name=\"_wpcf7_ak_js\" value=\"133\"\/><script>document.getElementById( \"ak_js_1\" ).setAttribute( \"value\", ( new Date() ).getTime() );<\/script><\/p><div class=\"wpcf7-response-output\" aria-hidden=\"true\"><\/div>\n<input type=\"hidden\" name=\"trp-form-language\" value=\"es\"\/><\/form>\n<\/div>\n<\/div>\n\t\t\t\t<\/div>\n\t\t\t\t<\/div>\n\t\t\t\t\t<\/div>\n\t\t<\/div>\n\t\t\t\t\t<\/div>\n\t\t<\/section>\n\t\t\t\t\t<\/div>\n\t\t<\/div>\n\t\t\t\t\t<\/div>\n\t\t<\/section>\n\t\t\t\t<\/div>","protected":false},"excerpt":{"rendered":"<p>Happy clients What my clients&#8217; reviews say about me Giulia I went to Michele out of curiosity, without any expectations, I have to say that I wasn&#8217;t sure how I was going to feel&#8230; I always felt very comfortable and I enjoyed being able to experience an interaction that was new to me and very [&hellip;]<\/p>\n","protected":false},"author":1,"featured_media":0,"parent":0,"menu_order":0,"comment_status":"closed","ping_status":"closed","template":"qi-full-width.php","meta":{"om_disable_all_campaigns":false,"_monsterinsights_skip_tracking":false,"_monsterinsights_sitenote_active":false,"_monsterinsights_sitenote_note":"","_monsterinsights_sitenote_category":0,"footnotes":""},"class_list":["post-1772","page","type-page","status-publish","hentry"],"yoast_head":"<!-- This site is optimized with the Yoast SEO plugin v27.4 - https:\/\/yoast.com\/product\/yoast-seo-wordpress\/ -->\n<title>Reviews of Michele Fasulo | Tantra Mallorca<\/title>\n<meta name=\"description\" content=\"Read the honest reviews of Michele Fasulo and the tantric experience. Let other clients help you solve your questions about tantric massage.\" \/>\n<meta name=\"robots\" content=\"index, follow, max-snippet:-1, max-image-preview:large, max-video-preview:-1\" \/>\n<link rel=\"canonical\" href=\"https:\/\/michelefasulo.com\/es\/reviews\/\" \/>\n<meta property=\"og:locale\" content=\"es_ES\" \/>\n<meta property=\"og:type\" content=\"article\" \/>\n<meta property=\"og:title\" content=\"Reviews of Michele Fasulo | Tantra Mallorca\" \/>\n<meta property=\"og:description\" content=\"Read the honest reviews of Michele Fasulo and the tantric experience. Let other clients help you solve your questions about tantric massage.\" \/>\n<meta property=\"og:url\" content=\"https:\/\/michelefasulo.com\/es\/reviews\/\" \/>\n<meta property=\"og:site_name\" content=\"michelefasulo.com\" \/>\n<meta property=\"article:publisher\" content=\"https:\/\/www.facebook.com\/michele.jeep\" \/>\n<meta property=\"article:modified_time\" content=\"2023-02-08T11:23:59+00:00\" \/>\n<meta property=\"og:image\" content=\"https:\/\/michelefasulo.com\/wp-content\/uploads\/2022\/07\/4-1.png\" \/>\n<meta name=\"twitter:card\" content=\"summary_large_image\" \/>\n<meta name=\"twitter:label1\" content=\"Tiempo de lectura\" \/>\n\t<meta name=\"twitter:data1\" content=\"4 minutos\" \/>\n<script type=\"application\/ld+json\" class=\"yoast-schema-graph\">{\"@context\":\"https:\\\/\\\/schema.org\",\"@graph\":[{\"@type\":\"WebPage\",\"@id\":\"https:\\\/\\\/michelefasulo.com\\\/reviews\\\/\",\"url\":\"https:\\\/\\\/michelefasulo.com\\\/reviews\\\/\",\"name\":\"Reviews of Michele Fasulo | Tantra Mallorca\",\"isPartOf\":{\"@id\":\"https:\\\/\\\/michelefasulo.com\\\/#website\"},\"primaryImageOfPage\":{\"@id\":\"https:\\\/\\\/michelefasulo.com\\\/reviews\\\/#primaryimage\"},\"image\":{\"@id\":\"https:\\\/\\\/michelefasulo.com\\\/reviews\\\/#primaryimage\"},\"thumbnailUrl\":\"https:\\\/\\\/michelefasulo.com\\\/wp-content\\\/uploads\\\/2022\\\/07\\\/4-1.png\",\"datePublished\":\"2022-08-09T14:33:48+00:00\",\"dateModified\":\"2023-02-08T11:23:59+00:00\",\"description\":\"Read the honest reviews of Michele Fasulo and the tantric experience. Let other clients help you solve your questions about tantric massage.\",\"breadcrumb\":{\"@id\":\"https:\\\/\\\/michelefasulo.com\\\/reviews\\\/#breadcrumb\"},\"inLanguage\":\"es\",\"potentialAction\":[{\"@type\":\"ReadAction\",\"target\":[\"https:\\\/\\\/michelefasulo.com\\\/reviews\\\/\"]}]},{\"@type\":\"ImageObject\",\"inLanguage\":\"es\",\"@id\":\"https:\\\/\\\/michelefasulo.com\\\/reviews\\\/#primaryimage\",\"url\":\"https:\\\/\\\/michelefasulo.com\\\/wp-content\\\/uploads\\\/2022\\\/07\\\/4-1.png\",\"contentUrl\":\"https:\\\/\\\/michelefasulo.com\\\/wp-content\\\/uploads\\\/2022\\\/07\\\/4-1.png\"},{\"@type\":\"BreadcrumbList\",\"@id\":\"https:\\\/\\\/michelefasulo.com\\\/reviews\\\/#breadcrumb\",\"itemListElement\":[{\"@type\":\"ListItem\",\"position\":1,\"name\":\"Home\",\"item\":\"https:\\\/\\\/michelefasulo.com\\\/\"},{\"@type\":\"ListItem\",\"position\":2,\"name\":\"Happy Clients\"}]},{\"@type\":\"WebSite\",\"@id\":\"https:\\\/\\\/michelefasulo.com\\\/#website\",\"url\":\"https:\\\/\\\/michelefasulo.com\\\/\",\"name\":\"Tantra Mallorca - Michele Fasulo\",\"description\":\"Tantra in Mallorca\",\"alternateName\":\"Tantra Michele Fasulo\",\"potentialAction\":[{\"@type\":\"SearchAction\",\"target\":{\"@type\":\"EntryPoint\",\"urlTemplate\":\"https:\\\/\\\/michelefasulo.com\\\/?s={search_term_string}\"},\"query-input\":{\"@type\":\"PropertyValueSpecification\",\"valueRequired\":true,\"valueName\":\"search_term_string\"}}],\"inLanguage\":\"es\"}]}<\/script>\n<!-- \/ Yoast SEO plugin. -->","yoast_head_json":{"title":"Reviews of Michele Fasulo | Tantra Mallorca","description":"Read the honest reviews of Michele Fasulo and the tantric experience. Let other clients help you solve your questions about tantric massage.","robots":{"index":"index","follow":"follow","max-snippet":"max-snippet:-1","max-image-preview":"max-image-preview:large","max-video-preview":"max-video-preview:-1"},"canonical":"https:\/\/michelefasulo.com\/es\/reviews\/","og_locale":"es_ES","og_type":"article","og_title":"Reviews of Michele Fasulo | Tantra Mallorca","og_description":"Read the honest reviews of Michele Fasulo and the tantric experience. Let other clients help you solve your questions about tantric massage.","og_url":"https:\/\/michelefasulo.com\/es\/reviews\/","og_site_name":"michelefasulo.com","article_publisher":"https:\/\/www.facebook.com\/michele.jeep","article_modified_time":"2023-02-08T11:23:59+00:00","og_image":[{"url":"https:\/\/michelefasulo.com\/wp-content\/uploads\/2022\/07\/4-1.png","type":"","width":"","height":""}],"twitter_card":"summary_large_image","twitter_misc":{"Tiempo de lectura":"4 minutos"},"schema":{"@context":"https:\/\/schema.org","@graph":[{"@type":"WebPage","@id":"https:\/\/michelefasulo.com\/reviews\/","url":"https:\/\/michelefasulo.com\/reviews\/","name":"Reviews of Michele Fasulo | Tantra Mallorca","isPartOf":{"@id":"https:\/\/michelefasulo.com\/#website"},"primaryImageOfPage":{"@id":"https:\/\/michelefasulo.com\/reviews\/#primaryimage"},"image":{"@id":"https:\/\/michelefasulo.com\/reviews\/#primaryimage"},"thumbnailUrl":"https:\/\/michelefasulo.com\/wp-content\/uploads\/2022\/07\/4-1.png","datePublished":"2022-08-09T14:33:48+00:00","dateModified":"2023-02-08T11:23:59+00:00","description":"Read the honest reviews of Michele Fasulo and the tantric experience. Let other clients help you solve your questions about tantric massage.","breadcrumb":{"@id":"https:\/\/michelefasulo.com\/reviews\/#breadcrumb"},"inLanguage":"es","potentialAction":[{"@type":"ReadAction","target":["https:\/\/michelefasulo.com\/reviews\/"]}]},{"@type":"ImageObject","inLanguage":"es","@id":"https:\/\/michelefasulo.com\/reviews\/#primaryimage","url":"https:\/\/michelefasulo.com\/wp-content\/uploads\/2022\/07\/4-1.png","contentUrl":"https:\/\/michelefasulo.com\/wp-content\/uploads\/2022\/07\/4-1.png"},{"@type":"BreadcrumbList","@id":"https:\/\/michelefasulo.com\/reviews\/#breadcrumb","itemListElement":[{"@type":"ListItem","position":1,"name":"Home","item":"https:\/\/michelefasulo.com\/"},{"@type":"ListItem","position":2,"name":"Happy Clients"}]},{"@type":"WebSite","@id":"https:\/\/michelefasulo.com\/#website","url":"https:\/\/michelefasulo.com\/","name":"Tantra Mallorca - Michele Fasulo","description":"Tantra in Mallorca","alternateName":"Tantra Michele Fasulo","potentialAction":[{"@type":"SearchAction","target":{"@type":"EntryPoint","urlTemplate":"https:\/\/michelefasulo.com\/?s={search_term_string}"},"query-input":{"@type":"PropertyValueSpecification","valueRequired":true,"valueName":"search_term_string"}}],"inLanguage":"es"}]}},"jetpack_sharing_enabled":true,"_links":{"self":[{"href":"https:\/\/michelefasulo.com\/es\/wp-json\/wp\/v2\/pages\/1772","targetHints":{"allow":["GET"]}}],"collection":[{"href":"https:\/\/michelefasulo.com\/es\/wp-json\/wp\/v2\/pages"}],"about":[{"href":"https:\/\/michelefasulo.com\/es\/wp-json\/wp\/v2\/types\/page"}],"author":[{"embeddable":true,"href":"https:\/\/michelefasulo.com\/es\/wp-json\/wp\/v2\/users\/1"}],"replies":[{"embeddable":true,"href":"https:\/\/michelefasulo.com\/es\/wp-json\/wp\/v2\/comments?post=1772"}],"version-history":[{"count":5,"href":"https:\/\/michelefasulo.com\/es\/wp-json\/wp\/v2\/pages\/1772\/revisions"}],"predecessor-version":[{"id":2613,"href":"https:\/\/michelefasulo.com\/es\/wp-json\/wp\/v2\/pages\/1772\/revisions\/2613"}],"wp:attachment":[{"href":"https:\/\/michelefasulo.com\/es\/wp-json\/wp\/v2\/media?parent=1772"}],"curies":[{"name":"wp","href":"https:\/\/api.w.org\/{rel}","templated":true}]}}