{"id":1395,"date":"2022-07-26T20:41:34","date_gmt":"2022-07-26T20:41:34","guid":{"rendered":"https:\/\/michelefasulo.com\/?page_id=1395"},"modified":"2023-02-08T11:22:13","modified_gmt":"2023-02-08T11:22:13","slug":"contact","status":"publish","type":"page","link":"https:\/\/michelefasulo.com\/es\/contact\/","title":{"rendered":"Contacto"},"content":{"rendered":"<div data-elementor-type=\"wp-page\" data-elementor-id=\"1395\" class=\"elementor elementor-1395\">\n\t\t\t\t\t\t<section class=\"elementor-section elementor-top-section elementor-element elementor-element-6504282 elementor-section-full_width elementor-section-height-min-height elementor-section-items-bottom elementor-section-height-default qodef-elementor-content-no\" data-id=\"6504282\" data-element_type=\"section\" data-e-type=\"section\" data-settings=\"{&quot;background_background&quot;:&quot;classic&quot;}\">\n\t\t\t\t\t\t\t<div class=\"elementor-background-overlay\"><\/div>\n\t\t\t\t\t\t\t<div class=\"elementor-container elementor-column-gap-default\">\n\t\t\t\t\t<div class=\"elementor-column elementor-col-100 elementor-top-column elementor-element elementor-element-1226f6f\" data-id=\"1226f6f\" data-element_type=\"column\" data-e-type=\"column\">\n\t\t\t<div class=\"elementor-widget-wrap\">\n\t\t\t\t\t\t\t<\/div>\n\t\t<\/div>\n\t\t\t\t\t<\/div>\n\t\t<\/section>\n\t\t\t\t<section class=\"elementor-section elementor-top-section elementor-element elementor-element-3430a4a elementor-section-full_width elementor-section-height-min-height elementor-section-height-default elementor-section-items-middle qodef-elementor-content-no\" data-id=\"3430a4a\" data-element_type=\"section\" data-e-type=\"section\">\n\t\t\t\t\t\t<div class=\"elementor-container elementor-column-gap-default\">\n\t\t\t\t\t<div class=\"elementor-column elementor-col-50 elementor-top-column elementor-element elementor-element-6bcc292\" data-id=\"6bcc292\" data-element_type=\"column\" data-e-type=\"column\">\n\t\t\t<div class=\"elementor-widget-wrap elementor-element-populated\">\n\t\t\t\t\t\t<div class=\"elementor-element elementor-element-d8fa869 elementor-widget elementor-widget-google_maps\" data-id=\"d8fa869\" data-element_type=\"widget\" data-e-type=\"widget\" data-widget_type=\"google_maps.default\">\n\t\t\t\t<div class=\"elementor-widget-container\">\n\t\t\t\t\t\t\t<div class=\"elementor-custom-embed\">\n\t\t\t<iframe loading=\"lazy\"\n\t\t\t\t\tsrc=\"https:\/\/maps.google.com\/maps?q=Carrer%20de%20Crist%C3%B2fol%20Llompart%2C%2033%2C%2007141%20Sa%20Cabaneta%2C%20Illes%20Balears&#038;t=m&#038;z=13&#038;output=embed&#038;iwloc=near\"\n\t\t\t\t\ttitle=\"Carrer de Crist\u00f2fol Llompart, 33, 07141 Sa Cabaneta, Illes Balears\"\n\t\t\t\t\taria-label=\"Carrer de Crist\u00f2fol Llompart, 33, 07141 Sa Cabaneta, Illes Balears\"\n\t\t\t><\/iframe>\n\t\t<\/div>\n\t\t\t\t\t\t<\/div>\n\t\t\t\t<\/div>\n\t\t\t\t\t<\/div>\n\t\t<\/div>\n\t\t\t\t<div class=\"elementor-column elementor-col-50 elementor-top-column elementor-element elementor-element-8734625\" data-id=\"8734625\" data-element_type=\"column\" data-e-type=\"column\">\n\t\t\t<div class=\"elementor-widget-wrap elementor-element-populated\">\n\t\t\t\t\t\t<div class=\"elementor-element elementor-element-496a621 elementor-widget elementor-widget-qi_addons_for_elementor_section_title\" data-id=\"496a621\" data-element_type=\"widget\" data-e-type=\"widget\" data-widget_type=\"qi_addons_for_elementor_section_title.default\">\n\t\t\t\t<div class=\"elementor-widget-container\">\n\t\t\t\t\t<div class=\"qodef-shortcode qodef-m qodef-qi-section-title qodef-decoration--italic qodef-link--underline-draw qodef-subtitle-icon--left\">\n\t\t\t\t<h5 class=\"qodef-m-subtitle\">\n\t\tContacto\t\t\t<\/h5>\n\t\t\t<h1 class=\"qodef-m-title\">\n\t\tContact me and visit me in my temple.\t<\/h1>\n\t\t\t<div class=\"qodef-m-text\"><p>Te espero en mi templo t\u00e1ntrico para una charla o para realizar el masaje. Para cualquier consulta no dudes en ponerte en contacto conmigo.<\/p><\/div>\n\t\t<div class=\"qodef-m-button qodef-qi-clear\">\n\t\t<a class=\"qodef-shortcode qodef-m qodef-qi-button qodef-html--link qodef-layout--filled qodef-type--standard qodef-icon--right qodef-hover--icon-move-horizontal-short qodef-button-underline-draw\" href=\"mailto:michelefasulo@gmail.com\" target=\"_self\">\t<span class=\"qodef-m-text\">Contact me<\/span>\t<\/a>\t<\/div>\n<\/div>\n\t\t\t\t<\/div>\n\t\t\t\t<\/div>\n\t\t\t\t\t<\/div>\n\t\t<\/div>\n\t\t\t\t\t<\/div>\n\t\t<\/section>\n\t\t\t\t<section class=\"elementor-section elementor-top-section elementor-element elementor-element-d4c6941 elementor-section-full_width elementor-section-height-min-height elementor-section-height-default elementor-section-items-middle qodef-elementor-content-no\" data-id=\"d4c6941\" data-element_type=\"section\" data-e-type=\"section\">\n\t\t\t\t\t\t<div class=\"elementor-container elementor-column-gap-default\">\n\t\t\t\t\t<div class=\"elementor-column elementor-col-100 elementor-top-column elementor-element elementor-element-8403726\" data-id=\"8403726\" data-element_type=\"column\" data-e-type=\"column\">\n\t\t\t<div class=\"elementor-widget-wrap elementor-element-populated\">\n\t\t\t\t\t\t<div class=\"elementor-element elementor-element-0e76831 elementor-widget elementor-widget-qi_addons_for_elementor_image_slider\" data-id=\"0e76831\" data-element_type=\"widget\" data-e-type=\"widget\" data-widget_type=\"qi_addons_for_elementor_image_slider.default\">\n\t\t\t\t<div class=\"elementor-widget-container\">\n\t\t\t\t\t<div class=\"qodef-shortcode qodef-m qodef-qi-image-slider qodef-col-num--1 qodef-qi-grid qodef-qi-swiper-container\" data-options=\"{&quot;direction&quot;:&quot;horizontal&quot;,&quot;slidesPerView&quot;:&quot;1&quot;,&quot;spaceBetween&quot;:20,&quot;spaceBetweenTablet&quot;:30,&quot;spaceBetweenMobile&quot;:30,&quot;effect&quot;:&quot;slide&quot;,&quot;loop&quot;:true,&quot;autoplay&quot;:true,&quot;centeredSlides&quot;:true,&quot;speed&quot;:&quot;3000&quot;,&quot;speedAnimation&quot;:&quot;&quot;,&quot;outsideNavigation&quot;:&quot;no&quot;,&quot;outsidePagination&quot;:&quot;no&quot;,&quot;unique&quot;:636,&quot;partialValue&quot;:0.8000000000000000444089209850062616169452667236328125,&quot;disablePartialValue&quot;:&quot;&quot;,&quot;parallax&quot;:&quot;no&quot;}\">\n\t<div class=\"swiper-wrapper\">\n\t\t<div class=\"qodef-e swiper-slide\">\n\t<div class=\"qodef-e-inner\">\n\t\t<div class=\"qodef-e-inner-holder\">\n\t\t\t\t\t\t\t<img fetchpriority=\"high\" decoding=\"async\" width=\"1024\" height=\"683\" src=\"https:\/\/i0.wp.com\/michelefasulo.com\/wp-content\/uploads\/2022\/08\/CDG_2022_08_01_Michele554.jpg?fit=1024%2C683&amp;ssl=1\" class=\"attachment-full size-full\" alt=\"Michele Fasulo embracing a client\" srcset=\"https:\/\/i0.wp.com\/michelefasulo.com\/wp-content\/uploads\/2022\/08\/CDG_2022_08_01_Michele554.jpg?w=1024&amp;ssl=1 1024w, https:\/\/i0.wp.com\/michelefasulo.com\/wp-content\/uploads\/2022\/08\/CDG_2022_08_01_Michele554.jpg?resize=300%2C200&amp;ssl=1 300w, https:\/\/i0.wp.com\/michelefasulo.com\/wp-content\/uploads\/2022\/08\/CDG_2022_08_01_Michele554.jpg?resize=768%2C512&amp;ssl=1 768w\" sizes=\"(max-width: 1024px) 100vw, 1024px\" \/>\t\t\t\t\t<\/div>\n\t<\/div>\n\t<\/div>\n<div class=\"qodef-e swiper-slide\">\n\t<div class=\"qodef-e-inner\">\n\t\t<div class=\"qodef-e-inner-holder\">\n\t\t\t\t\t\t\t<img decoding=\"async\" width=\"1024\" height=\"683\" src=\"https:\/\/i0.wp.com\/michelefasulo.com\/wp-content\/uploads\/2022\/08\/CDG_2022_08_01_Michele551.jpg?fit=1024%2C683&amp;ssl=1\" class=\"attachment-full size-full\" alt=\"Tantric technique by Michele Fasulo\" srcset=\"https:\/\/i0.wp.com\/michelefasulo.com\/wp-content\/uploads\/2022\/08\/CDG_2022_08_01_Michele551.jpg?w=1024&amp;ssl=1 1024w, https:\/\/i0.wp.com\/michelefasulo.com\/wp-content\/uploads\/2022\/08\/CDG_2022_08_01_Michele551.jpg?resize=300%2C200&amp;ssl=1 300w, https:\/\/i0.wp.com\/michelefasulo.com\/wp-content\/uploads\/2022\/08\/CDG_2022_08_01_Michele551.jpg?resize=768%2C512&amp;ssl=1 768w\" sizes=\"(max-width: 1024px) 100vw, 1024px\" \/>\t\t\t\t\t<\/div>\n\t<\/div>\n\t<\/div>\n<div class=\"qodef-e swiper-slide\">\n\t<div class=\"qodef-e-inner\">\n\t\t<div class=\"qodef-e-inner-holder\">\n\t\t\t\t\t\t\t<img decoding=\"async\" width=\"1024\" height=\"683\" src=\"https:\/\/i0.wp.com\/michelefasulo.com\/wp-content\/uploads\/2022\/08\/CDG_2022_08_01_Michele459.jpg?fit=1024%2C683&amp;ssl=1\" class=\"attachment-full size-full\" alt=\"Tantric technique with peacock feather by Michele Fasulo\" srcset=\"https:\/\/i0.wp.com\/michelefasulo.com\/wp-content\/uploads\/2022\/08\/CDG_2022_08_01_Michele459.jpg?w=1024&amp;ssl=1 1024w, https:\/\/i0.wp.com\/michelefasulo.com\/wp-content\/uploads\/2022\/08\/CDG_2022_08_01_Michele459.jpg?resize=300%2C200&amp;ssl=1 300w, https:\/\/i0.wp.com\/michelefasulo.com\/wp-content\/uploads\/2022\/08\/CDG_2022_08_01_Michele459.jpg?resize=768%2C512&amp;ssl=1 768w\" sizes=\"(max-width: 1024px) 100vw, 1024px\" \/>\t\t\t\t\t<\/div>\n\t<\/div>\n\t<\/div>\n<div class=\"qodef-e swiper-slide\">\n\t<div class=\"qodef-e-inner\">\n\t\t<div class=\"qodef-e-inner-holder\">\n\t\t\t\t\t\t\t<img loading=\"lazy\" decoding=\"async\" width=\"1024\" height=\"683\" src=\"https:\/\/i0.wp.com\/michelefasulo.com\/wp-content\/uploads\/2022\/08\/CDG_2022_08_01_Michele141.jpg?fit=1024%2C683&amp;ssl=1\" class=\"attachment-full size-full\" alt=\"Tantra massage Mallorca Michele Fasulo\" srcset=\"https:\/\/i0.wp.com\/michelefasulo.com\/wp-content\/uploads\/2022\/08\/CDG_2022_08_01_Michele141.jpg?w=1024&amp;ssl=1 1024w, https:\/\/i0.wp.com\/michelefasulo.com\/wp-content\/uploads\/2022\/08\/CDG_2022_08_01_Michele141.jpg?resize=300%2C200&amp;ssl=1 300w, https:\/\/i0.wp.com\/michelefasulo.com\/wp-content\/uploads\/2022\/08\/CDG_2022_08_01_Michele141.jpg?resize=768%2C512&amp;ssl=1 768w\" sizes=\"(max-width: 1024px) 100vw, 1024px\" \/>\t\t\t\t\t<\/div>\n\t<\/div>\n\t<\/div>\n<div class=\"qodef-e swiper-slide\">\n\t<div class=\"qodef-e-inner\">\n\t\t<div class=\"qodef-e-inner-holder\">\n\t\t\t\t\t\t\t<img loading=\"lazy\" decoding=\"async\" width=\"1024\" height=\"683\" src=\"https:\/\/i0.wp.com\/michelefasulo.com\/wp-content\/uploads\/2022\/08\/CDG_2022_08_01_Michele42.jpg?fit=1024%2C683&amp;ssl=1\" class=\"attachment-full size-full\" alt=\"Tantra massage Mallorca Michele Fasulo\" srcset=\"https:\/\/i0.wp.com\/michelefasulo.com\/wp-content\/uploads\/2022\/08\/CDG_2022_08_01_Michele42.jpg?w=1024&amp;ssl=1 1024w, https:\/\/i0.wp.com\/michelefasulo.com\/wp-content\/uploads\/2022\/08\/CDG_2022_08_01_Michele42.jpg?resize=300%2C200&amp;ssl=1 300w, https:\/\/i0.wp.com\/michelefasulo.com\/wp-content\/uploads\/2022\/08\/CDG_2022_08_01_Michele42.jpg?resize=768%2C512&amp;ssl=1 768w\" sizes=\"(max-width: 1024px) 100vw, 1024px\" \/>\t\t\t\t\t<\/div>\n\t<\/div>\n\t<\/div>\n\t<\/div>\n\t<\/div>\n\t\t\t\t<\/div>\n\t\t\t\t<\/div>\n\t\t\t\t<div class=\"elementor-element elementor-element-ed45a32 elementor-widget elementor-widget-qi_addons_for_elementor_section_title\" data-id=\"ed45a32\" data-element_type=\"widget\" data-e-type=\"widget\" data-widget_type=\"qi_addons_for_elementor_section_title.default\">\n\t\t\t\t<div class=\"elementor-widget-container\">\n\t\t\t\t\t<div class=\"qodef-shortcode qodef-m qodef-qi-section-title qodef-decoration--italic qodef-link--underline-draw qodef-subtitle-icon--left\">\n\t\t\t\t<h5 class=\"qodef-m-subtitle\">\n\t\tSocial Media\t\t\t<\/h5>\n\t\t\t<h2 class=\"qodef-m-title\">\n\t\tS\u00edgueme en instagram @michelefasulo_\t<\/h2>\n\t\t\t\t<div class=\"qodef-m-button qodef-qi-clear\">\n\t\t<a class=\"qodef-shortcode qodef-m qodef-qi-button qodef-html--link qodef-layout--filled qodef-type--standard qodef-icon--right qodef-hover--icon-move-horizontal-short qodef-button-underline-draw\" href=\"https:\/\/www.instagram.com\/michelefasulo_\/?hl=it\" target=\"_blank\">\t<span class=\"qodef-m-text\">S\u00edgueme<\/span>\t<\/a>\t<\/div>\n<\/div>\n\t\t\t\t<\/div>\n\t\t\t\t<\/div>\n\t\t\t\t\t<\/div>\n\t\t<\/div>\n\t\t\t\t\t<\/div>\n\t\t<\/section>\n\t\t\t\t<section class=\"elementor-section elementor-top-section elementor-element elementor-element-7d4e74e elementor-section-full_width elementor-section-height-min-height elementor-section-height-default elementor-section-items-middle qodef-elementor-content-no\" data-id=\"7d4e74e\" data-element_type=\"section\" data-e-type=\"section\" data-settings=\"{&quot;background_background&quot;:&quot;classic&quot;}\">\n\t\t\t\t\t\t\t<div class=\"elementor-background-overlay\"><\/div>\n\t\t\t\t\t\t\t<div class=\"elementor-container elementor-column-gap-default\">\n\t\t\t\t\t<div class=\"elementor-column elementor-col-100 elementor-top-column elementor-element elementor-element-24f50bb\" data-id=\"24f50bb\" data-element_type=\"column\" data-e-type=\"column\">\n\t\t\t<div class=\"elementor-widget-wrap elementor-element-populated\">\n\t\t\t\t\t\t<section class=\"elementor-section elementor-inner-section elementor-element elementor-element-13147a9 elementor-section-boxed elementor-section-height-default elementor-section-height-default qodef-elementor-content-no\" data-id=\"13147a9\" data-element_type=\"section\" data-e-type=\"section\">\n\t\t\t\t\t\t<div class=\"elementor-container elementor-column-gap-default\">\n\t\t\t\t\t<div class=\"elementor-column elementor-col-100 elementor-inner-column elementor-element elementor-element-148b364\" data-id=\"148b364\" data-element_type=\"column\" data-e-type=\"column\">\n\t\t\t<div class=\"elementor-widget-wrap elementor-element-populated\">\n\t\t\t\t\t\t<div class=\"elementor-element elementor-element-0f571a1 elementor-widget elementor-widget-qi_addons_for_elementor_section_title\" data-id=\"0f571a1\" data-element_type=\"widget\" data-e-type=\"widget\" data-widget_type=\"qi_addons_for_elementor_section_title.default\">\n\t\t\t\t<div class=\"elementor-widget-container\">\n\t\t\t\t\t<div class=\"qodef-shortcode qodef-m qodef-qi-section-title qodef-decoration--italic qodef-link--underline-draw qodef-subtitle-icon--left\">\n\t\t\t\t<h5 class=\"qodef-m-subtitle\">\n\t\tCONOZCAMOS\t\t\t<\/h5>\n\t\t\t<h2 class=\"qodef-m-title\">\n\t\t\u00bfA\u00fan no est\u00e1s segura de estar en el lugar correcto?\t<\/h2>\n\t\t\t<div class=\"qodef-m-text\"><p>\u00bfTodav\u00eda no est\u00e1s segura de cu\u00e1l es el mejor masaje para ti? \u00bfTienes alguna pregunta sobre el Tantra? \u00bfQuieres conocerme mejor? \u00a1Reserva tu consulta gratuita conmigo! Estoy deseando conocerte.<\/p><\/div>\n\t<\/div>\n\t\t\t\t<\/div>\n\t\t\t\t<\/div>\n\t\t\t\t<div class=\"elementor-element elementor-element-f856e5c elementor-widget elementor-widget-qi_addons_for_elementor_contact_form_7\" data-id=\"f856e5c\" data-element_type=\"widget\" data-e-type=\"widget\" data-widget_type=\"qi_addons_for_elementor_contact_form_7.default\">\n\t\t\t\t<div class=\"elementor-widget-container\">\n\t\t\t\t\t<div class=\"qodef-shortcode qodef-m qodef-qi-contact-form-7\">\n\t\n<div class=\"wpcf7 no-js\" id=\"wpcf7-f7-o1\" lang=\"en-US\" dir=\"ltr\" data-wpcf7-id=\"7\">\n<div class=\"screen-reader-response\"><p role=\"status\" aria-live=\"polite\" aria-atomic=\"true\"><\/p> <ul><\/ul><\/div>\n<form action=\"\/es\/wp-json\/wp\/v2\/pages\/1395#wpcf7-f7-o1\" method=\"post\" class=\"wpcf7-form init\" aria-label=\"Contact form\" novalidate=\"novalidate\" data-status=\"init\" data-trp-original-action=\"\/es\/wp-json\/wp\/v2\/pages\/1395#wpcf7-f7-o1\">\n<fieldset class=\"hidden-fields-container\"><input type=\"hidden\" name=\"_wpcf7\" value=\"7\" \/><input type=\"hidden\" name=\"_wpcf7_version\" value=\"6.1.5\" \/><input type=\"hidden\" name=\"_wpcf7_locale\" value=\"en_US\" \/><input type=\"hidden\" name=\"_wpcf7_unit_tag\" value=\"wpcf7-f7-o1\" \/><input type=\"hidden\" name=\"_wpcf7_container_post\" value=\"0\" \/><input type=\"hidden\" name=\"_wpcf7_posted_data_hash\" value=\"\" \/>\n<\/fieldset>\n<div class=\"qodef-grid-item\">\n<input class=\"wpcf7-form-control wpcf7-submit has-spinner\" type=\"submit\" value=\"Chat en Whatsapp\" \/><p style=\"display: none !important;\" class=\"akismet-fields-container\" data-prefix=\"_wpcf7_ak_\"><label>&#916;<textarea name=\"_wpcf7_ak_hp_textarea\" cols=\"45\" rows=\"8\" maxlength=\"100\"><\/textarea><\/label><input type=\"hidden\" id=\"ak_js_1\" name=\"_wpcf7_ak_js\" value=\"12\"\/><script>document.getElementById( \"ak_js_1\" ).setAttribute( \"value\", ( new Date() ).getTime() );<\/script><\/p><div class=\"wpcf7-response-output\" aria-hidden=\"true\"><\/div>\n<input type=\"hidden\" name=\"trp-form-language\" value=\"es\"\/><\/form>\n<\/div>\n<\/div>\n\t\t\t\t<\/div>\n\t\t\t\t<\/div>\n\t\t\t\t\t<\/div>\n\t\t<\/div>\n\t\t\t\t\t<\/div>\n\t\t<\/section>\n\t\t\t\t\t<\/div>\n\t\t<\/div>\n\t\t\t\t\t<\/div>\n\t\t<\/section>\n\t\t\t\t<\/div>","protected":false},"excerpt":{"rendered":"<p>Contact Contact me and visit me in my temple. I await you in my tantric temple for a chat or to perform the massage. For any questions please do not hesitate to contact me. Contact me Social Media Follow me on instagram @michelefasulo_ Follow GET TO KNOW ME Still not sure you are in the [&hellip;]<\/p>\n","protected":false},"author":1,"featured_media":0,"parent":0,"menu_order":0,"comment_status":"closed","ping_status":"closed","template":"qi-full-width.php","meta":{"om_disable_all_campaigns":false,"_monsterinsights_skip_tracking":false,"_monsterinsights_sitenote_active":false,"_monsterinsights_sitenote_note":"","_monsterinsights_sitenote_category":0,"footnotes":""},"class_list":["post-1395","page","type-page","status-publish","hentry"],"yoast_head":"<!-- This site is optimized with the Yoast SEO plugin v27.4 - https:\/\/yoast.com\/product\/yoast-seo-wordpress\/ -->\n<title>Start your tantric experince now | Contact | Michele Fasulo<\/title>\n<meta name=\"description\" content=\"Contact Michele Fasulo to dive into the tantric experience. Book your free consultation or visit the tantric temple in Palma de Mallorca.\" \/>\n<meta name=\"robots\" content=\"index, follow, max-snippet:-1, max-image-preview:large, max-video-preview:-1\" \/>\n<link rel=\"canonical\" href=\"https:\/\/michelefasulo.com\/es\/contact\/\" \/>\n<meta property=\"og:locale\" content=\"es_ES\" \/>\n<meta property=\"og:type\" content=\"article\" \/>\n<meta property=\"og:title\" content=\"Start your tantric experince now | Contact | Michele Fasulo\" \/>\n<meta property=\"og:description\" content=\"Contact Michele Fasulo to dive into the tantric experience. Book your free consultation or visit the tantric temple in Palma de Mallorca.\" \/>\n<meta property=\"og:url\" content=\"https:\/\/michelefasulo.com\/es\/contact\/\" \/>\n<meta property=\"og:site_name\" content=\"michelefasulo.com\" \/>\n<meta property=\"article:publisher\" content=\"https:\/\/www.facebook.com\/michele.jeep\" \/>\n<meta property=\"article:modified_time\" content=\"2023-02-08T11:22:13+00:00\" \/>\n<meta property=\"og:image\" content=\"https:\/\/michelefasulo.com\/wp-content\/uploads\/2022\/08\/CDG_2022_08_01_Michele554.jpg\" \/>\n<meta name=\"twitter:card\" content=\"summary_large_image\" \/>\n<meta name=\"twitter:label1\" content=\"Tiempo de lectura\" \/>\n\t<meta name=\"twitter:data1\" content=\"4 minutos\" \/>\n<script type=\"application\/ld+json\" class=\"yoast-schema-graph\">{\"@context\":\"https:\\\/\\\/schema.org\",\"@graph\":[{\"@type\":\"WebPage\",\"@id\":\"https:\\\/\\\/michelefasulo.com\\\/contact\\\/\",\"url\":\"https:\\\/\\\/michelefasulo.com\\\/contact\\\/\",\"name\":\"Start your tantric experince now | Contact | Michele Fasulo\",\"isPartOf\":{\"@id\":\"https:\\\/\\\/michelefasulo.com\\\/#website\"},\"primaryImageOfPage\":{\"@id\":\"https:\\\/\\\/michelefasulo.com\\\/contact\\\/#primaryimage\"},\"image\":{\"@id\":\"https:\\\/\\\/michelefasulo.com\\\/contact\\\/#primaryimage\"},\"thumbnailUrl\":\"https:\\\/\\\/michelefasulo.com\\\/wp-content\\\/uploads\\\/2022\\\/08\\\/CDG_2022_08_01_Michele554.jpg\",\"datePublished\":\"2022-07-26T20:41:34+00:00\",\"dateModified\":\"2023-02-08T11:22:13+00:00\",\"description\":\"Contact Michele Fasulo to dive into the tantric experience. Book your free consultation or visit the tantric temple in Palma de Mallorca.\",\"breadcrumb\":{\"@id\":\"https:\\\/\\\/michelefasulo.com\\\/contact\\\/#breadcrumb\"},\"inLanguage\":\"es\",\"potentialAction\":[{\"@type\":\"ReadAction\",\"target\":[\"https:\\\/\\\/michelefasulo.com\\\/contact\\\/\"]}]},{\"@type\":\"ImageObject\",\"inLanguage\":\"es\",\"@id\":\"https:\\\/\\\/michelefasulo.com\\\/contact\\\/#primaryimage\",\"url\":\"https:\\\/\\\/michelefasulo.com\\\/wp-content\\\/uploads\\\/2022\\\/08\\\/CDG_2022_08_01_Michele554.jpg\",\"contentUrl\":\"https:\\\/\\\/michelefasulo.com\\\/wp-content\\\/uploads\\\/2022\\\/08\\\/CDG_2022_08_01_Michele554.jpg\"},{\"@type\":\"BreadcrumbList\",\"@id\":\"https:\\\/\\\/michelefasulo.com\\\/contact\\\/#breadcrumb\",\"itemListElement\":[{\"@type\":\"ListItem\",\"position\":1,\"name\":\"Home\",\"item\":\"https:\\\/\\\/michelefasulo.com\\\/\"},{\"@type\":\"ListItem\",\"position\":2,\"name\":\"Contact\"}]},{\"@type\":\"WebSite\",\"@id\":\"https:\\\/\\\/michelefasulo.com\\\/#website\",\"url\":\"https:\\\/\\\/michelefasulo.com\\\/\",\"name\":\"Tantra Mallorca - Michele Fasulo\",\"description\":\"Tantra in Mallorca\",\"alternateName\":\"Tantra Michele Fasulo\",\"potentialAction\":[{\"@type\":\"SearchAction\",\"target\":{\"@type\":\"EntryPoint\",\"urlTemplate\":\"https:\\\/\\\/michelefasulo.com\\\/?s={search_term_string}\"},\"query-input\":{\"@type\":\"PropertyValueSpecification\",\"valueRequired\":true,\"valueName\":\"search_term_string\"}}],\"inLanguage\":\"es\"}]}<\/script>\n<!-- \/ Yoast SEO plugin. -->","yoast_head_json":{"title":"Start your tantric experince now | Contact | Michele Fasulo","description":"Contact Michele Fasulo to dive into the tantric experience. Book your free consultation or visit the tantric temple in Palma de Mallorca.","robots":{"index":"index","follow":"follow","max-snippet":"max-snippet:-1","max-image-preview":"max-image-preview:large","max-video-preview":"max-video-preview:-1"},"canonical":"https:\/\/michelefasulo.com\/es\/contact\/","og_locale":"es_ES","og_type":"article","og_title":"Start your tantric experince now | Contact | Michele Fasulo","og_description":"Contact Michele Fasulo to dive into the tantric experience. Book your free consultation or visit the tantric temple in Palma de Mallorca.","og_url":"https:\/\/michelefasulo.com\/es\/contact\/","og_site_name":"michelefasulo.com","article_publisher":"https:\/\/www.facebook.com\/michele.jeep","article_modified_time":"2023-02-08T11:22:13+00:00","og_image":[{"url":"https:\/\/michelefasulo.com\/wp-content\/uploads\/2022\/08\/CDG_2022_08_01_Michele554.jpg","type":"","width":"","height":""}],"twitter_card":"summary_large_image","twitter_misc":{"Tiempo de lectura":"4 minutos"},"schema":{"@context":"https:\/\/schema.org","@graph":[{"@type":"WebPage","@id":"https:\/\/michelefasulo.com\/contact\/","url":"https:\/\/michelefasulo.com\/contact\/","name":"Start your tantric experince now | Contact | Michele Fasulo","isPartOf":{"@id":"https:\/\/michelefasulo.com\/#website"},"primaryImageOfPage":{"@id":"https:\/\/michelefasulo.com\/contact\/#primaryimage"},"image":{"@id":"https:\/\/michelefasulo.com\/contact\/#primaryimage"},"thumbnailUrl":"https:\/\/michelefasulo.com\/wp-content\/uploads\/2022\/08\/CDG_2022_08_01_Michele554.jpg","datePublished":"2022-07-26T20:41:34+00:00","dateModified":"2023-02-08T11:22:13+00:00","description":"Contact Michele Fasulo to dive into the tantric experience. Book your free consultation or visit the tantric temple in Palma de Mallorca.","breadcrumb":{"@id":"https:\/\/michelefasulo.com\/contact\/#breadcrumb"},"inLanguage":"es","potentialAction":[{"@type":"ReadAction","target":["https:\/\/michelefasulo.com\/contact\/"]}]},{"@type":"ImageObject","inLanguage":"es","@id":"https:\/\/michelefasulo.com\/contact\/#primaryimage","url":"https:\/\/michelefasulo.com\/wp-content\/uploads\/2022\/08\/CDG_2022_08_01_Michele554.jpg","contentUrl":"https:\/\/michelefasulo.com\/wp-content\/uploads\/2022\/08\/CDG_2022_08_01_Michele554.jpg"},{"@type":"BreadcrumbList","@id":"https:\/\/michelefasulo.com\/contact\/#breadcrumb","itemListElement":[{"@type":"ListItem","position":1,"name":"Home","item":"https:\/\/michelefasulo.com\/"},{"@type":"ListItem","position":2,"name":"Contact"}]},{"@type":"WebSite","@id":"https:\/\/michelefasulo.com\/#website","url":"https:\/\/michelefasulo.com\/","name":"Tantra Mallorca - Michele Fasulo","description":"Tantra in Mallorca","alternateName":"Tantra Michele Fasulo","potentialAction":[{"@type":"SearchAction","target":{"@type":"EntryPoint","urlTemplate":"https:\/\/michelefasulo.com\/?s={search_term_string}"},"query-input":{"@type":"PropertyValueSpecification","valueRequired":true,"valueName":"search_term_string"}}],"inLanguage":"es"}]}},"jetpack_sharing_enabled":true,"_links":{"self":[{"href":"https:\/\/michelefasulo.com\/es\/wp-json\/wp\/v2\/pages\/1395","targetHints":{"allow":["GET"]}}],"collection":[{"href":"https:\/\/michelefasulo.com\/es\/wp-json\/wp\/v2\/pages"}],"about":[{"href":"https:\/\/michelefasulo.com\/es\/wp-json\/wp\/v2\/types\/page"}],"author":[{"embeddable":true,"href":"https:\/\/michelefasulo.com\/es\/wp-json\/wp\/v2\/users\/1"}],"replies":[{"embeddable":true,"href":"https:\/\/michelefasulo.com\/es\/wp-json\/wp\/v2\/comments?post=1395"}],"version-history":[{"count":5,"href":"https:\/\/michelefasulo.com\/es\/wp-json\/wp\/v2\/pages\/1395\/revisions"}],"predecessor-version":[{"id":2607,"href":"https:\/\/michelefasulo.com\/es\/wp-json\/wp\/v2\/pages\/1395\/revisions\/2607"}],"wp:attachment":[{"href":"https:\/\/michelefasulo.com\/es\/wp-json\/wp\/v2\/media?parent=1395"}],"curies":[{"name":"wp","href":"https:\/\/api.w.org\/{rel}","templated":true}]}}